{"id":458,"date":"2022-03-07T21:03:16","date_gmt":"2022-03-07T21:03:16","guid":{"rendered":"https:\/\/startertemplatecloud.com\/sb01\/?page_id=458"},"modified":"2023-04-22T11:31:14","modified_gmt":"2023-04-22T09:31:14","slug":"faq","status":"publish","type":"page","link":"https:\/\/svitanye.pl\/index.php\/faq\/","title":{"rendered":"FAQ&#8217;s"},"content":{"rendered":"<style>.kb-row-layout-id_656296-ac > .kt-row-column-wrap{align-content:start;}:where(.kb-row-layout-id_656296-ac > .kt-row-column-wrap) > .wp-block-kadence-column{justify-content:start;}.kb-row-layout-id_656296-ac > .kt-row-column-wrap{column-gap:var(--global-kb-gap-md, 2rem);row-gap:var(--global-kb-gap-md, 2rem);max-width:1475px;margin-left:auto;margin-right:auto;padding-top:150px;padding-right:10px;padding-bottom:25px;padding-left:10px;min-height:75vh;grid-template-columns:minmax(0, 1fr);}.kb-row-layout-id_656296-ac > .kt-row-layout-overlay{opacity:0.30;}@media all and (max-width: 1024px){.kb-row-layout-id_656296-ac > .kt-row-column-wrap{grid-template-columns:minmax(0, 1fr);}}@media all and (max-width: 767px){.kb-row-layout-id_656296-ac > .kt-row-column-wrap{padding-right:25px;padding-left:25px;grid-template-columns:minmax(0, 1fr);}}<\/style><div class=\"kb-row-layout-wrap kb-row-layout-id_656296-ac alignnone has-theme-palette7-background-color kt-row-has-bg wp-block-kadence-rowlayout\"><div class=\"kt-row-column-wrap kt-has-1-columns kt-row-layout-equal kt-tab-layout-inherit kt-mobile-layout-row kt-row-valign-top kt-inner-column-height-full\">\n<style>.kadence-column_ee84cb-e9 > .kt-inside-inner-col{display:flex;}.kadence-column_ee84cb-e9 > .kt-inside-inner-col,.kadence-column_ee84cb-e9 > .kt-inside-inner-col:before{border-top-left-radius:0px;border-top-right-radius:0px;border-bottom-right-radius:0px;border-bottom-left-radius:0px;}.kadence-column_ee84cb-e9 > .kt-inside-inner-col{column-gap:var(--global-kb-gap-sm, 1rem);}.kadence-column_ee84cb-e9 > .kt-inside-inner-col{flex-direction:column;justify-content:flex-start;}.kadence-column_ee84cb-e9 > .kt-inside-inner-col > .aligncenter{width:100%;}.kt-row-column-wrap > .kadence-column_ee84cb-e9{align-self:flex-start;}.kt-inner-column-height-full:not(.kt-has-1-columns) > .wp-block-kadence-column.kadence-column_ee84cb-e9{align-self:auto;}.kt-inner-column-height-full:not(.kt-has-1-columns) > .wp-block-kadence-column.kadence-column_ee84cb-e9 > .kt-inside-inner-col{flex-direction:column;justify-content:flex-start;}.kadence-column_ee84cb-e9 > .kt-inside-inner-col:before{opacity:0.3;}.kadence-column_ee84cb-e9{position:relative;}@media all and (max-width: 1024px){.kt-row-column-wrap > .kadence-column_ee84cb-e9{align-self:flex-start;}}@media all and (max-width: 1024px){.kt-inner-column-height-full:not(.kt-has-1-columns) > .wp-block-kadence-column.kadence-column_ee84cb-e9{align-self:auto;}}@media all and (max-width: 1024px){.kt-inner-column-height-full:not(.kt-has-1-columns) > .wp-block-kadence-column.kadence-column_ee84cb-e9 > .kt-inside-inner-col{flex-direction:column;justify-content:flex-start;}}@media all and (max-width: 1024px){.kadence-column_ee84cb-e9 > .kt-inside-inner-col{flex-direction:column;justify-content:flex-start;}}@media all and (max-width: 767px){.kt-row-column-wrap > .kadence-column_ee84cb-e9{align-self:flex-start;}.kt-inner-column-height-full:not(.kt-has-1-columns) > .wp-block-kadence-column.kadence-column_ee84cb-e9{align-self:auto;}.kt-inner-column-height-full:not(.kt-has-1-columns) > .wp-block-kadence-column.kadence-column_ee84cb-e9 > .kt-inside-inner-col{flex-direction:column;justify-content:flex-start;}.kadence-column_ee84cb-e9 > .kt-inside-inner-col{flex-direction:column;justify-content:flex-start;}}<\/style>\n<div class=\"wp-block-kadence-column kadence-column_ee84cb-e9 inner-column-1\"><div class=\"kt-inside-inner-col\"><style>.wp-block-kadence-advancedheading.kt-adv-heading_6b8d51-ad3, .wp-block-kadence-advancedheading.kt-adv-heading_6b8d51-ad3[data-kb-block=\"kb-adv-heading_6b8d51-ad3\"]{display:block;text-align:center;font-size:20px;font-weight:400;font-style:normal;font-family:'Work Sans';}.wp-block-kadence-advancedheading.kt-adv-heading_6b8d51-ad3 mark.kt-highlight, .wp-block-kadence-advancedheading.kt-adv-heading_6b8d51-ad3[data-kb-block=\"kb-adv-heading_6b8d51-ad3\"] mark.kt-highlight{font-style:normal;color:#f76a0c;-webkit-box-decoration-break:clone;box-decoration-break:clone;padding-top:0px;padding-right:0px;padding-bottom:0px;padding-left:0px;}<\/style>\n<span class=\"kt-adv-heading_6b8d51-ad3 wp-block-kadence-advancedheading\" data-kb-block=\"kb-adv-heading_6b8d51-ad3\">Masz pytania? Porozmawiajmy!<\/span>\n\n\n\n<div style=\"height:20px\" aria-hidden=\"true\" class=\"wp-block-spacer\"><\/div>\n\n\n<style>.wp-block-kadence-advancedheading.kt-adv-heading_135314-e34, .wp-block-kadence-advancedheading.kt-adv-heading_135314-e34[data-kb-block=\"kb-adv-heading_135314-e34\"]{margin-top:0.3em;text-align:center;font-size:72px;line-height:90px;font-style:normal;}.wp-block-kadence-advancedheading.kt-adv-heading_135314-e34 mark.kt-highlight, .wp-block-kadence-advancedheading.kt-adv-heading_135314-e34[data-kb-block=\"kb-adv-heading_135314-e34\"] mark.kt-highlight{font-style:normal;color:#f76a0c;-webkit-box-decoration-break:clone;box-decoration-break:clone;padding-top:0px;padding-right:0px;padding-bottom:0px;padding-left:0px;}@media all and (max-width: 1024px){.wp-block-kadence-advancedheading.kt-adv-heading_135314-e34, .wp-block-kadence-advancedheading.kt-adv-heading_135314-e34[data-kb-block=\"kb-adv-heading_135314-e34\"]{font-size:36px;}}@media all and (max-width: 767px){.wp-block-kadence-advancedheading.kt-adv-heading_135314-e34, .wp-block-kadence-advancedheading.kt-adv-heading_135314-e34[data-kb-block=\"kb-adv-heading_135314-e34\"]{font-size:28px;line-height:36px;}}<\/style>\n<h1 class=\"kt-adv-heading_135314-e34 mw900 wp-block-kadence-advancedheading\" data-kb-block=\"kb-adv-heading_135314-e34\">FAQ&#8217;s<\/h1>\n\n\n\n<div style=\"height:40px\" aria-hidden=\"true\" class=\"wp-block-spacer\"><\/div>\n\n\n<style>.kt-accordion-id_cc9eb0-f8 .kt-accordion-inner-wrap{column-gap:var(--global-kb-gap-md, 2rem);row-gap:10px;}.kt-accordion-id_cc9eb0-f8 .kt-accordion-panel-inner{border-top:0px solid transparent;border-right:0px solid transparent;border-bottom:0px solid transparent;border-left:0px solid transparent;background:var(--global-palette7, #EDF2F7);padding-top:var(--global-kb-spacing-sm, 1.5rem);padding-right:var(--global-kb-spacing-sm, 1.5rem);padding-bottom:var(--global-kb-spacing-sm, 1.5rem);padding-left:var(--global-kb-spacing-sm, 1.5rem);}.kt-accordion-id_cc9eb0-f8 .wp-block-kadence-pane .kt-accordion-header-wrap .kt-blocks-accordion-header{border-top-color:var(--global-palette2, #2B6CB0);border-top-style:solid;border-right-color:var(--global-palette2, #2B6CB0);border-right-style:solid;border-bottom-color:var(--global-palette2, #2B6CB0);border-bottom-style:solid;border-left-color:var(--global-palette2, #2B6CB0);border-left-style:solid;border-top-left-radius:20px;border-top-right-radius:20px;border-bottom-right-radius:20px;border-bottom-left-radius:20px;background:var(--global-palette9, #ffffff);font-size:24px;line-height:24px;font-family:Lora;font-weight:400;color:var(--global-palette2, #2B6CB0);padding-top:30px;padding-right:16px;padding-bottom:30px;padding-left:16px;}.kt-accordion-id_cc9eb0-f8:not( .kt-accodion-icon-style-basiccircle ):not( .kt-accodion-icon-style-xclosecircle ):not( .kt-accodion-icon-style-arrowcircle ) .kt-blocks-accordion-icon-trigger:after, .kt-accordion-id_cc9eb0-f8:not( .kt-accodion-icon-style-basiccircle ):not( .kt-accodion-icon-style-xclosecircle ):not( .kt-accodion-icon-style-arrowcircle ) .kt-blocks-accordion-icon-trigger:before{background:var(--global-palette2, #2B6CB0);}.kt-accordion-id_cc9eb0-f8:not( .kt-accodion-icon-style-basic ):not( .kt-accodion-icon-style-xclose ):not( .kt-accodion-icon-style-arrow ) .kt-blocks-accordion-icon-trigger{background:var(--global-palette2, #2B6CB0);}.kt-accordion-id_cc9eb0-f8:not( .kt-accodion-icon-style-basic ):not( .kt-accodion-icon-style-xclose ):not( .kt-accodion-icon-style-arrow ) .kt-blocks-accordion-icon-trigger:after, .kt-accordion-id_cc9eb0-f8:not( .kt-accodion-icon-style-basic ):not( .kt-accodion-icon-style-xclose ):not( .kt-accodion-icon-style-arrow ) .kt-blocks-accordion-icon-trigger:before{background:var(--global-palette9, #ffffff);}.kt-accordion-id_cc9eb0-f8 .kt-accordion-header-wrap .kt-blocks-accordion-header:hover, body:not(.hide-focus-outline) .kt-accordion-id_cc9eb0-f8 .kt-accordion-header-wrap .kt-blocks-accordion-header:focus-visible{color:#444444;background:#eeeeee;border-top-color:#eeeeee;border-top-style:solid;border-right-color:#eeeeee;border-right-style:solid;border-bottom-color:#eeeeee;border-bottom-style:solid;border-left-color:#eeeeee;border-left-style:solid;}.kt-accordion-id_cc9eb0-f8:not( .kt-accodion-icon-style-basiccircle ):not( .kt-accodion-icon-style-xclosecircle ):not( .kt-accodion-icon-style-arrowcircle ) .kt-blocks-accordion-header:hover .kt-blocks-accordion-icon-trigger:after, .kt-accordion-id_cc9eb0-f8:not( .kt-accodion-icon-style-basiccircle ):not( .kt-accodion-icon-style-xclosecircle ):not( .kt-accodion-icon-style-arrowcircle ) .kt-blocks-accordion-header:hover .kt-blocks-accordion-icon-trigger:before, body:not(.hide-focus-outline) .kt-accordion-id_cc9eb0-f8:not( .kt-accodion-icon-style-basiccircle ):not( .kt-accodion-icon-style-xclosecircle ):not( .kt-accodion-icon-style-arrowcircle ) .kt-blocks-accordion--visible .kt-blocks-accordion-icon-trigger:after, body:not(.hide-focus-outline) .kt-accordion-id_cc9eb0-f8:not( .kt-accodion-icon-style-basiccircle ):not( .kt-accodion-icon-style-xclosecircle ):not( .kt-accodion-icon-style-arrowcircle ) .kt-blocks-accordion-header:focus-visible .kt-blocks-accordion-icon-trigger:before{background:#444444;}.kt-accordion-id_cc9eb0-f8:not( .kt-accodion-icon-style-basic ):not( .kt-accodion-icon-style-xclose ):not( .kt-accodion-icon-style-arrow ) .kt-blocks-accordion-header:hover .kt-blocks-accordion-icon-trigger, body:not(.hide-focus-outline) .kt-accordion-id_cc9eb0-f8:not( .kt-accodion-icon-style-basic ):not( .kt-accodion-icon-style-xclose ):not( .kt-accodion-icon-style-arrow ) .kt-blocks-accordion-header:focus-visible .kt-blocks-accordion-icon-trigger{background:#444444;}.kt-accordion-id_cc9eb0-f8:not( .kt-accodion-icon-style-basic ):not( .kt-accodion-icon-style-xclose ):not( .kt-accodion-icon-style-arrow ) .kt-blocks-accordion-header:hover .kt-blocks-accordion-icon-trigger:after, .kt-accordion-id_cc9eb0-f8:not( .kt-accodion-icon-style-basic ):not( .kt-accodion-icon-style-xclose ):not( .kt-accodion-icon-style-arrow ) .kt-blocks-accordion-header:hover .kt-blocks-accordion-icon-trigger:before, body:not(.hide-focus-outline) .kt-accordion-id_cc9eb0-f8:not( .kt-accodion-icon-style-basic ):not( .kt-accodion-icon-style-xclose ):not( .kt-accodion-icon-style-arrow ) .kt-blocks-accordion-header:focus-visible .kt-blocks-accordion-icon-trigger:after, body:not(.hide-focus-outline) .kt-accordion-id_cc9eb0-f8:not( .kt-accodion-icon-style-basic ):not( .kt-accodion-icon-style-xclose ):not( .kt-accodion-icon-style-arrow ) .kt-blocks-accordion-header:focus-visible .kt-blocks-accordion-icon-trigger:before{background:#eeeeee;}.kt-accordion-id_cc9eb0-f8 .kt-accordion-header-wrap .kt-blocks-accordion-header:focus-visible, .kt-accordion-id_cc9eb0-f8 .kt-accordion-header-wrap .kt-blocks-accordion-header.kt-accordion-panel-active{color:#ffffff;background:var(--global-palette2, #2B6CB0);border-top-color:var(--global-palette2, #2B6CB0);border-top-style:solid;border-right-color:var(--global-palette2, #2B6CB0);border-right-style:solid;border-bottom-color:var(--global-palette2, #2B6CB0);border-bottom-style:solid;border-left-color:var(--global-palette2, #2B6CB0);border-left-style:solid;}.kt-accordion-id_cc9eb0-f8:not( .kt-accodion-icon-style-basiccircle ):not( .kt-accodion-icon-style-xclosecircle ):not( .kt-accodion-icon-style-arrowcircle ) .kt-blocks-accordion-header.kt-accordion-panel-active .kt-blocks-accordion-icon-trigger:after, .kt-accordion-id_cc9eb0-f8:not( .kt-accodion-icon-style-basiccircle ):not( .kt-accodion-icon-style-xclosecircle ):not( .kt-accodion-icon-style-arrowcircle ) .kt-blocks-accordion-header.kt-accordion-panel-active .kt-blocks-accordion-icon-trigger:before{background:#ffffff;}.kt-accordion-id_cc9eb0-f8:not( .kt-accodion-icon-style-basic ):not( .kt-accodion-icon-style-xclose ):not( .kt-accodion-icon-style-arrow ) .kt-blocks-accordion-header.kt-accordion-panel-active .kt-blocks-accordion-icon-trigger{background:#ffffff;}.kt-accordion-id_cc9eb0-f8:not( .kt-accodion-icon-style-basic ):not( .kt-accodion-icon-style-xclose ):not( .kt-accodion-icon-style-arrow ) .kt-blocks-accordion-header.kt-accordion-panel-active .kt-blocks-accordion-icon-trigger:after, .kt-accordion-id_cc9eb0-f8:not( .kt-accodion-icon-style-basic ):not( .kt-accodion-icon-style-xclose ):not( .kt-accodion-icon-style-arrow ) .kt-blocks-accordion-header.kt-accordion-panel-active .kt-blocks-accordion-icon-trigger:before{background:var(--global-palette2, #2B6CB0);}@media all and (max-width: 1024px){.kt-accordion-id_cc9eb0-f8 .kt-accordion-panel-inner{border-top:0px solid transparent;border-right:0px solid transparent;border-bottom:0px solid transparent;border-left:0px solid transparent;}}@media all and (max-width: 1024px){.kt-accordion-id_cc9eb0-f8 .wp-block-kadence-pane .kt-accordion-header-wrap .kt-blocks-accordion-header{border-top-color:var(--global-palette2, #2B6CB0);border-top-style:solid;border-right-color:var(--global-palette2, #2B6CB0);border-right-style:solid;border-bottom-color:var(--global-palette2, #2B6CB0);border-bottom-style:solid;border-left-color:var(--global-palette2, #2B6CB0);border-left-style:solid;}}@media all and (max-width: 1024px){.kt-accordion-id_cc9eb0-f8 .kt-accordion-header-wrap .kt-blocks-accordion-header:hover, body:not(.hide-focus-outline) .kt-accordion-id_cc9eb0-f8 .kt-accordion-header-wrap .kt-blocks-accordion-header:focus-visible{border-top-color:#eeeeee;border-top-style:solid;border-right-color:#eeeeee;border-right-style:solid;border-bottom-color:#eeeeee;border-bottom-style:solid;border-left-color:#eeeeee;border-left-style:solid;}}@media all and (max-width: 1024px){.kt-accordion-id_cc9eb0-f8 .kt-accordion-header-wrap .kt-blocks-accordion-header:focus-visible, .kt-accordion-id_cc9eb0-f8 .kt-accordion-header-wrap .kt-blocks-accordion-header.kt-accordion-panel-active{border-top-color:var(--global-palette2, #2B6CB0);border-top-style:solid;border-right-color:var(--global-palette2, #2B6CB0);border-right-style:solid;border-bottom-color:var(--global-palette2, #2B6CB0);border-bottom-style:solid;border-left-color:var(--global-palette2, #2B6CB0);border-left-style:solid;}}@media all and (max-width: 767px){.kt-accordion-id_cc9eb0-f8 .kt-accordion-inner-wrap{display:block;}.kt-accordion-id_cc9eb0-f8 .kt-accordion-inner-wrap .kt-accordion-pane:not(:first-child){margin-top:10px;}.kt-accordion-id_cc9eb0-f8 .kt-accordion-panel-inner{border-top:0px solid transparent;border-right:0px solid transparent;border-bottom:0px solid transparent;border-left:0px solid transparent;}.kt-accordion-id_cc9eb0-f8 .wp-block-kadence-pane .kt-accordion-header-wrap .kt-blocks-accordion-header{border-top-color:var(--global-palette2, #2B6CB0);border-top-style:solid;border-right-color:var(--global-palette2, #2B6CB0);border-right-style:solid;border-bottom-color:var(--global-palette2, #2B6CB0);border-bottom-style:solid;border-left-color:var(--global-palette2, #2B6CB0);border-left-style:solid;font-size:18px;padding-top:20px;padding-bottom:20px;}.kt-accordion-id_cc9eb0-f8 .kt-accordion-header-wrap .kt-blocks-accordion-header:hover, body:not(.hide-focus-outline) .kt-accordion-id_cc9eb0-f8 .kt-accordion-header-wrap .kt-blocks-accordion-header:focus-visible{border-top-color:#eeeeee;border-top-style:solid;border-right-color:#eeeeee;border-right-style:solid;border-bottom-color:#eeeeee;border-bottom-style:solid;border-left-color:#eeeeee;border-left-style:solid;}.kt-accordion-id_cc9eb0-f8 .kt-accordion-header-wrap .kt-blocks-accordion-header:focus-visible, .kt-accordion-id_cc9eb0-f8 .kt-accordion-header-wrap .kt-blocks-accordion-header.kt-accordion-panel-active{border-top-color:var(--global-palette2, #2B6CB0);border-top-style:solid;border-right-color:var(--global-palette2, #2B6CB0);border-right-style:solid;border-bottom-color:var(--global-palette2, #2B6CB0);border-bottom-style:solid;border-left-color:var(--global-palette2, #2B6CB0);border-left-style:solid;}}<\/style>\n<div class=\"wp-block-kadence-accordion alignnone\"><div class=\"kt-accordion-wrap kt-accordion-id_cc9eb0-f8 kt-accordion-has-9-panes kt-active-pane-0 kt-accordion-block kt-pane-header-alignment-left kt-accodion-icon-style-basic kt-accodion-icon-side-right\" style=\"max-width:none\"><div class=\"kt-accordion-inner-wrap\" data-allow-multiple-open=\"false\" data-start-open=\"0\">\n<div class=\"wp-block-kadence-pane kt-accordion-pane kt-accordion-pane-6 kt-pane_f926c3-85\"><div class=\"kt-accordion-header-wrap\"><button class=\"kt-blocks-accordion-header kt-acccordion-button-label-show\"><span class=\"kt-blocks-accordion-title-wrap\"><span class=\"kt-blocks-accordion-title\">Czy musz\u0119 przechowywa\u0107 kosmetyki Svitany\u00e9 w lod\u00f3wce?<\/span><\/span><span class=\"kt-blocks-accordion-icon-trigger\"><\/span><\/button><\/div><div class=\"kt-accordion-panel kt-accordion-panel-hidden\"><div class=\"kt-accordion-panel-inner\">\n<p>Nie, to nie jest konieczne. Aczkolwiek nasze kosmetyki nie lubi\u0105 promieni s\u0142onecznych i temperatur powy\u017cej 25\u00b0C (77\u00b0F). Stosujemy tylko sk\u0142adniki pochodzenia naturalnego, bez dodatkowych syntetycznych stabilizator\u00f3w &#8211; nasze uk\u0142ady emulguj\u0105ce s\u0105 bardziej wra\u017cliwe na zmiany temperatur, ni\u017c w kosmetykach konwencjonalnych. S\u0142o\u0144ce niekorzystnie wp\u0142ywa na karotenoidy zawarte w Rescue Face Cream i Rich Body Balm, a wysoka temperatura mo\u017ce tymczasowo &#8222;z\u0142ama\u0107&#8221; krem. Jednak nawet je\u015bli tak si\u0119 zdarzy, nie wp\u0142ynie to na jako\u015b\u0107 produktu &#8211; wystarczy zamiesza\u0107 emulsj\u0119 zdezynfekowan\u0105 \u0142y\u017ceczk\u0105, b\u0105d\u017a bardzo energicznie wstrz\u0105sn\u0105\u0107 opakowaniem i masa kosmetyczna zn\u00f3w si\u0119 po\u0142\u0105czy. Spor\u0105 ochron\u0119 daj\u0105 te\u017c nasze opakowania z ciemnego szk\u0142a.<\/p>\n<\/div><\/div><\/div>\n\n\n\n<div class=\"wp-block-kadence-pane kt-accordion-pane kt-accordion-pane-9 kt-pane_1d15b3-a0\"><div class=\"kt-accordion-header-wrap\"><button class=\"kt-blocks-accordion-header kt-acccordion-button-label-show\"><span class=\"kt-blocks-accordion-title-wrap\"><span class=\"kt-blocks-accordion-title\">Czy mog\u0119 u\u017cywa\u0107 Waszych kosmetyk\u00f3w po dacie Best Before, czy to jest bezpieczne?<\/span><\/span><span class=\"kt-blocks-accordion-icon-trigger\"><\/span><\/button><\/div><div class=\"kt-accordion-panel kt-accordion-panel-hidden\"><div class=\"kt-accordion-panel-inner\">\n<p>Tak, u\u017cywanie kosmetyk\u00f3w po up\u0142ywie daty przydatno\u015bci do spo\u017cycia jest ca\u0142kowicie bezpieczne. Og\u00f3lnie rzecz bior\u0105c, kosmetyki s\u0105 oznaczone dat\u0105 &#8222;Best Before&#8221;, aby wskaza\u0107, \u017ce producenci przeprowadzili pewne testy na produkcie i ocenili, \u017ce pozostanie on w dobrym stanie do wyznaczonego czasu. Po up\u0142ywie tego czasu wi\u0119kszo\u015b\u0107 produkt\u00f3w nadal zachowuje swoj\u0105 pierwotn\u0105 jako\u015b\u0107 i mo\u017ce by\u0107 u\u017cywana w normalny spos\u00f3b &#8211; cho\u0107 mo\u017ce si\u0119 zdarzy\u0107, \u017ce np. konsystencja, b\u0105d\u017a kolor ulegnie delikatnej zmianie. Dla przyk\u0142adu &#8211; w naszym kremie Rescue Face Cream jest mn\u00f3stwo ekstraktu z rokitnika, co daje pi\u0119kny kolor mango lassi i mo\u017ce on sta\u0107 si\u0119 odrobin\u0119 ciemniejszy.<\/p>\n\n\n\n<p>Mo\u017cesz u\u017cywa\u0107 kosmetyk\u00f3w po dacie Best Before (BB) bez obaw o bezpiecze\u0144stwo. Oznaczenie BB s\u0142u\u017cy przede wszystkim jako wskaz\u00f3wka dla konsumenta, aby upewni\u0107 si\u0119, \u017ce kupuj\u0105c i u\u017cywaj\u0105c produkt, uzyska\u0142 najlepsz\u0105 mo\u017cliw\u0105 jako\u015b\u0107.<\/p>\n\n\n\n<p>Nale\u017cy pami\u0119ta\u0107, \u017ce daty BB nie wskazuj\u0105 na zagro\u017cenie bezpiecze\u0144stwa; s\u0105 one jedynie punktem odniesienia dla zapewnienia jako\u015bci produktu. Chocia\u017c produkty mog\u0105 by\u0107 &#8222;wra\u017cliwsze&#8221; po tej dacie, nie ma nic z\u0142ego w ich u\u017cywaniu, o ile podejmiesz odpowiednie \u015brodki ostro\u017cno\u015bci. Na przyk\u0142ad, je\u015bli zamierzasz u\u017cywa\u0107 kremu z przekroczon\u0105 dat\u0105 BB &#8211; nak\u0142adaj go tylko czystymi palcami &#8211; zminimalizuje to ryzyko ska\u017cenia bakteryjnego, kt\u00f3re mo\u017ce wyst\u0105pi\u0107 z powodu przedostania si\u0119 bakterii z Twoich r\u0105k do masy kosmetycznej.<\/p>\n\n\n\n<p>Ponadto, poniewa\u017c starsze produkty maj\u0105 tendencj\u0119 do wysychania szybciej ni\u017c \u015bwie\u017csze, wa\u017cne jest r\u00f3wnie\u017c, aby nie dopu\u015bci\u0107 do kontaktu wody lub innej p\u0142ynnej zawarto\u015bci z kosmetykami &#8211; dlatego zwracaj uwag\u0119 na szczelne zamkni\u0119cie pojemniczka po ka\u017cdym u\u017cyciu, aby nie wysycha\u0142 i \u017ceby dosta\u0142a si\u0119 do niego woda.<\/p>\n\n\n\n<p>Podsumowuj\u0105c &#8211; podczas gdy daty BB pomagaj\u0105 nam zidentyfikowa\u0107, kiedy produkty mog\u0105 nie by\u0107 ju\u017c w szczytowej formie pod wzgl\u0119dem wydajno\u015bci &#8211; b\u0105d\u017acie pewni, \u017ce zakup czego\u015b, co min\u0119\u0142o ju\u017c nieco po terminie przydatno\u015bci do u\u017cycia, nie zagrozi Waszemu zdrowiu, je\u015bli nie zachowacie odpowiedniej ostro\u017cno\u015bci podczas stosowania!<\/p>\n<\/div><\/div><\/div>\n\n\n\n<div class=\"wp-block-kadence-pane kt-accordion-pane kt-accordion-pane-7 kt-pane_eba724-b9\"><div class=\"kt-accordion-header-wrap\"><button class=\"kt-blocks-accordion-header kt-acccordion-button-label-show\"><span class=\"kt-blocks-accordion-title-wrap\"><span class=\"kt-blocks-accordion-title\">Dlaczego nie dystrybuujecie pr\u00f3bek?<\/span><\/span><span class=\"kt-blocks-accordion-icon-trigger\"><\/span><\/button><\/div><div class=\"kt-accordion-panel kt-accordion-panel-hidden\"><div class=\"kt-accordion-panel-inner\">\n<p>Dzi\u0119kujemy za zadanie tego wa\u017cnego pytania! Rozumiemy, \u017ce pr\u00f3bki mog\u0105 by\u0107 \u015bwietnym sposobem na wypr\u00f3bowanie nowych produkt\u00f3w, ale w Svitany\u00e9 jeste\u015bmy zobowi\u0105zane do przestrzegania standard\u00f3w zr\u00f3wnowa\u017conego rozwoju i zmniejszania wp\u0142ywu naszych praktyk na \u015brodowisko.<\/p>\n\n\n\n<p>Je\u015bli chodzi o dystrybucj\u0119 pr\u00f3bek produkt\u00f3w, cz\u0119sto towarzysz\u0105 jej opakowania &#8211; i niestety, opakowania pr\u00f3bek za\u015bmiecaj\u0105 nasz\u0105 ziemi\u0119 i oceany. Opr\u00f3cz kwestii zwi\u0105zanych z odpadami, dystrybucja pr\u00f3bek mo\u017ce by\u0107 do\u015b\u0107 kosztowna, a my jeste\u015bmy startup&#8217;em. Niestety oznacza to jednak, \u017ce w tym momencie nie mo\u017cemy zaoferowa\u0107 pr\u00f3bek od nas.<\/p>\n\n\n\n<p>Jednak\u017ce &#8211; je\u015bli jeste\u015b zainteresowana\/~ny wypr\u00f3bowaniem jednego z naszych produkt\u00f3w przed ich zakupem &#8211; s\u0105 inne dost\u0119pne opcje! Mo\u017cesz sprawdzi\u0107 recenzje w sieci medi\u00f3w spo\u0142eczno\u015bciowych, takie jak Instagram, gdzie np. na naszym profilu publikujemy recenzje innych u\u017cytkownik\u00f3w i blogerek; lub mo\u017cesz sprawdzi\u0107 lokalnie &#8211; odwied\u017a sklep Polish Natur\u0119 Beauty Bar w Elektrowni Powi\u015ble w Warszawie (I p.). Mamy tam swoj\u0105 p\u00f3\u0142eczk\u0119, a wizyta w tym pi\u0119knym miejscu jest czysta przyjemno\u015bci\u0105, wi\u0119c od razu zarezerwuj sobie wi\u0119cej czasu, \u017ceby spr\u00f3bowa\u0107 naszych produkt\u00f3w, jak r\u00f3wnie\u017c innych wspania\u0142ych marek, kt\u00f3re proponuj\u0105 bardzo fajne produkty w swoich ofertach.<\/p>\n\n\n\n<p>Mamy nadziej\u0119, \u017ce te sugestie pomog\u0105 &#8211; jeszcze raz dzi\u0119kujemy za Twoje zapytanie!<\/p>\n<\/div><\/div><\/div>\n\n\n\n<div class=\"wp-block-kadence-pane kt-accordion-pane kt-accordion-pane-8 kt-pane_859331-bb\"><div class=\"kt-accordion-header-wrap\"><button class=\"kt-blocks-accordion-header kt-acccordion-button-label-show\"><span class=\"kt-blocks-accordion-title-wrap\"><span class=\"kt-blocks-accordion-title\">Dlaczego zmieni\u0142y\u015bcie nazw\u0119 Brzask na Svitnay\u00e9?<\/span><\/span><span class=\"kt-blocks-accordion-icon-trigger\"><\/span><\/button><\/div><div class=\"kt-accordion-panel kt-accordion-panel-hidden\"><div class=\"kt-accordion-panel-inner\">\n<p>Wszystko w przyrodzie ro\u015bnie i rozwija si\u0119. R\u00f3wnie\u017c my si\u0119 ca\u0142y czas zmieniamy. Brzask by\u0142 pi\u0119kn\u0105 nazw\u0105 i w Polsce sprawdza\u0142 si\u0119 znakomicie, jednak by\u0142 trudny do wym\u00f3wienia dla obcokrajowc\u00f3w. Otwieraj\u0105c si\u0119 na rynki zagraniczne i rozszerzaj\u0105c swoj\u0105 dzia\u0142alno\u015b\u0107 w naturalny spos\u00f3b musia\u0142y\u015bmy znale\u017a\u0107 now\u0105 nazw\u0119.<\/p>\n\n\n\n<p>Znaczenie s\u0142\u00f3w Brzask i \u015awitanie (Svitany\u00e9) pozosta\u0142o takie same. To najpi\u0119kniejszy moment o poranku, kiedy budzi si\u0119 dzie\u0144, pachnie zwil\u017cona ros\u0105 trawa i czu\u0107 pierwsze promienie s\u0142o\u0144ca.<\/p>\n<\/div><\/div><\/div>\n<\/div><\/div><\/div>\n<\/div><\/div>\n\n<\/div><\/div>\n\n\n<style>.site-footer-wrap{background: #cad2c3;}<\/style>\n","protected":false},"excerpt":{"rendered":"<p>Masz pytania? Porozmawiajmy! FAQ&#8217;s<\/p>\n","protected":false},"author":1,"featured_media":0,"parent":0,"menu_order":0,"comment_status":"closed","ping_status":"closed","template":"","meta":{"_kadence_starter_templates_imported_post":true,"_kad_post_transparent":"","_kad_post_title":"","_kad_post_layout":"","_kad_post_sidebar_id":"","_kad_post_content_style":"","_kad_post_vertical_padding":"","_kad_post_feature":"","_kad_post_feature_position":"","_kad_post_header":false,"_kad_post_footer":false,"footnotes":""},"class_list":["post-458","page","type-page","status-publish","hentry"],"jetpack_sharing_enabled":true,"_links":{"self":[{"href":"https:\/\/svitanye.pl\/index.php\/wp-json\/wp\/v2\/pages\/458","targetHints":{"allow":["GET"]}}],"collection":[{"href":"https:\/\/svitanye.pl\/index.php\/wp-json\/wp\/v2\/pages"}],"about":[{"href":"https:\/\/svitanye.pl\/index.php\/wp-json\/wp\/v2\/types\/page"}],"author":[{"embeddable":true,"href":"https:\/\/svitanye.pl\/index.php\/wp-json\/wp\/v2\/users\/1"}],"replies":[{"embeddable":true,"href":"https:\/\/svitanye.pl\/index.php\/wp-json\/wp\/v2\/comments?post=458"}],"version-history":[{"count":14,"href":"https:\/\/svitanye.pl\/index.php\/wp-json\/wp\/v2\/pages\/458\/revisions"}],"predecessor-version":[{"id":1116,"href":"https:\/\/svitanye.pl\/index.php\/wp-json\/wp\/v2\/pages\/458\/revisions\/1116"}],"wp:attachment":[{"href":"https:\/\/svitanye.pl\/index.php\/wp-json\/wp\/v2\/media?parent=458"}],"curies":[{"name":"wp","href":"https:\/\/api.w.org\/{rel}","templated":true}]}}